{"id":10374,"date":"2023-12-07T14:26:06","date_gmt":"2023-12-07T14:26:06","guid":{"rendered":"https:\/\/schmitter-hydraulik.de\/?page_id=10374"},"modified":"2025-07-24T07:13:16","modified_gmt":"2025-07-24T07:13:16","slug":"pie-de-imprenta","status":"publish","type":"page","link":"https:\/\/www.schmitter.ruven.org\/es\/pie-de-imprenta\/","title":{"rendered":"Pie de imprenta"},"content":{"rendered":"<div class=\"fusion-fullwidth fullwidth-box fusion-builder-row-1 fusion-flex-container has-pattern-background has-mask-background nonhundred-percent-fullwidth non-hundred-percent-height-scrolling\" style=\"--awb-border-radius-top-left:0px;--awb-border-radius-top-right:0px;--awb-border-radius-bottom-right:0px;--awb-border-radius-bottom-left:0px;--awb-flex-wrap:wrap;\" ><div class=\"fusion-builder-row fusion-row fusion-flex-align-items-flex-start fusion-flex-content-wrap\" style=\"max-width:1248px;margin-left: calc(-4% \/ 2 );margin-right: calc(-4% \/ 2 );\"><div class=\"fusion-layout-column fusion_builder_column fusion-builder-column-0 fusion_builder_column_1_3 1_3 fusion-flex-column\" style=\"--awb-bg-size:cover;--awb-width-large:33.3333333333%;--awb-margin-top-large:0px;--awb-spacing-right-large:5.76%;--awb-margin-bottom-large:20px;--awb-spacing-left-large:5.76%;--awb-width-medium:33.3333333333%;--awb-order-medium:0;--awb-spacing-right-medium:5.76%;--awb-spacing-left-medium:5.76%;--awb-width-small:100%;--awb-order-small:0;--awb-spacing-right-small:1.92%;--awb-spacing-left-small:1.92%;\"><div class=\"fusion-column-wrapper fusion-column-has-shadow fusion-flex-justify-content-flex-start fusion-content-layout-column\"><div class=\"fusion-text fusion-text-1\"><p><strong>Schmitter Hydraulik GmbH<\/strong><\/p>\n<p>Am St\u00f6ckleinsbrunnen 1<br \/>97762 Hammelburg<\/p>\n<p>Tel.: +49 9732 \u2013 8888 \u2013 0<br \/>Fax: +49 9732 \u2013 8888 \u2013 1000<\/p>\n<p>Correo electr\u00f3nico:\u00a0<a href=\"mailto:kontakt@schmitter-hydraulik.de\">kontakt@schmitter-hydraulik.de<\/a><br \/>Internet:\u00a0<a href=\"https:\/\/web-design-essen.de\/schmitter\">www.schmitter-hydraulik.de<\/a><\/p>\n<p>Directores Generales: Andreas Meder und Matthias Richter<\/p>\n<p>Sitio de registro: Hammelburg<\/p>\n<p>Handelsregister B Schweinfurt HRB-Nr. 6615<\/p>\n<p>USt-IdNr.: DE814807823<\/p>\n<div class=\"fusion-sep-clear\">\u00a0<\/div>\n<div class=\"fusion-separator fusion-full-width-sep\">\n<div class=\"fusion-separator-border sep-single sep-solid\">\u00a0<\/div>\n<\/div>\n<div class=\"fusion-sep-clear\">\u00a0<\/div>\n<p>Website by\u00a0<a href=\"http:\/\/rsb-design.de\/\" target=\"_blank\" rel=\"noopener noreferrer\">RSB DESIGN<\/a><\/p>\n<\/div><\/div><\/div><div class=\"fusion-layout-column fusion_builder_column fusion-builder-column-1 fusion_builder_column_2_3 2_3 fusion-flex-column\" style=\"--awb-bg-size:cover;--awb-width-large:66.6666666667%;--awb-margin-top-large:0px;--awb-spacing-right-large:2.88%;--awb-margin-bottom-large:20px;--awb-spacing-left-large:2.88%;--awb-width-medium:66.6666666667%;--awb-order-medium:0;--awb-spacing-right-medium:2.88%;--awb-spacing-left-medium:2.88%;--awb-width-small:100%;--awb-order-small:0;--awb-spacing-right-small:1.92%;--awb-spacing-left-small:1.92%;\"><div class=\"fusion-column-wrapper fusion-column-has-shadow fusion-flex-justify-content-flex-start fusion-content-layout-column\"><div class=\"fusion-text fusion-text-2\"><p><strong>Exenci\u00f3n de Responsabilidad<\/strong><\/p>\n<p>Responsabilidad de los contenidos<\/p>\n<p>Como proveedores de un servicio, somos responsables de nuestro propio contenido en este sitio, de conformidad con las leyes generales, y de acuerdo con el art\u00edculo 7 secci\u00f3n 1 de la TMG (Ley de difusi\u00f3n medi\u00e1tica alemana, German Telemedia Act). Sin embargo, de acuerdo con los art\u00edculos 8 a 10 de la TMG, siendo proveedores de un servicio, no estamos obligados a vigilar informaci\u00f3n externa que pudiera transferirse o almacenarse, o a identificar circunstancias que pudieran indicar actividades ilegales. La obligaci\u00f3n de eliminar o bloquear el uso de informaci\u00f3n de acuerdo con las leyes generales permanece intacta. Sin embargo, dicha responsabilidad existe solamente en el momento de reconocer infracciones concretas de la ley. Eliminaremos tal contenido tan pronto como seamos conscientes de infracciones respectivas de la ley.<\/p>\n<p><strong>Responsabilidad de los enlaces<\/strong><\/p>\n<p>Nuestra oferta incluye enlaces a sitios web externos de terceros. No tenemos influencia sobre los contenidos de tales sitios web. Por lo tanto, no aceptamos ninguna responsabilidad pertinente a dichos contenidos externos. El respectivo proveedor u operador de tales sitios es el responsable de los contenidos pertenecientes a los sitios web enlazados. Se verific\u00f3 que los sitios enlazados no contuvieran ninguna infracci\u00f3n de la ley en el momento de crear el enlace. Ning\u00fan contenido ilegal pudo identificarse al momento de crear el enlace. No obstante, el control permanente y continuo de los contenidos no puede ser exigido sin indicios concretos de infracciones legales. Eliminaremos los enlaces infractores tan pronto como seamos conscientes de la existencia de infracciones de la ley.<\/p>\n<p><strong>Derechos de autor<\/strong><\/p>\n<p>Los contenidos y el trabajo preparado por los operadores de este sitio web est\u00e1n sujetos a la ley alemana de derechos de autor. La copia, distribuci\u00f3n o cualquier forma de explotaci\u00f3n de dichos textos fuera de los l\u00edmites especificados por la ley de derechos de autor requiere de la autorizaci\u00f3n escrita de su respectivo autor o creador. Las descargas y copias provenientes de este sitio est\u00e1n autorizadas solo para uso privado y sin fines de lucro. Si alg\u00fan contenido de este sitio no ha sido preparado por su operador, se han respetado las leyes de derechos de autor pertinentes a los due\u00f1os de tales contenidos. Los contenidos pertenecientes a terceros est\u00e1n debidamente se\u00f1alados. Sin embargo, si usted detecta alguna infracci\u00f3n a la ley de derechos de autor, por favor h\u00e1ganoslo saber. Eliminaremos los contenidos correspondientes en cuanto seamos conscientes de sus infracciones.<\/p>\n<p><strong>Resoluci\u00f3n de litigios<\/strong><\/p>\n<p>No estamos obligados ni dispuestos a participar en un procedimiento de resoluci\u00f3n de litigios ante una junta arbitral de consumo.<\/p>\n<\/div><\/div><\/div><\/div><\/div>\n","protected":false},"excerpt":{"rendered":"","protected":false},"author":1,"featured_media":0,"parent":0,"menu_order":0,"comment_status":"closed","ping_status":"closed","template":"100-width.php","meta":{"om_disable_all_campaigns":false,"_monsterinsights_skip_tracking":false,"_monsterinsights_sitenote_active":false,"_monsterinsights_sitenote_note":"","_monsterinsights_sitenote_category":0,"footnotes":""},"class_list":["post-10374","page","type-page","status-publish","hentry"],"aioseo_notices":[],"_links":{"self":[{"href":"https:\/\/www.schmitter.ruven.org\/es\/wp-json\/wp\/v2\/pages\/10374","targetHints":{"allow":["GET"]}}],"collection":[{"href":"https:\/\/www.schmitter.ruven.org\/es\/wp-json\/wp\/v2\/pages"}],"about":[{"href":"https:\/\/www.schmitter.ruven.org\/es\/wp-json\/wp\/v2\/types\/page"}],"author":[{"embeddable":true,"href":"https:\/\/www.schmitter.ruven.org\/es\/wp-json\/wp\/v2\/users\/1"}],"replies":[{"embeddable":true,"href":"https:\/\/www.schmitter.ruven.org\/es\/wp-json\/wp\/v2\/comments?post=10374"}],"version-history":[{"count":3,"href":"https:\/\/www.schmitter.ruven.org\/es\/wp-json\/wp\/v2\/pages\/10374\/revisions"}],"predecessor-version":[{"id":11789,"href":"https:\/\/www.schmitter.ruven.org\/es\/wp-json\/wp\/v2\/pages\/10374\/revisions\/11789"}],"wp:attachment":[{"href":"https:\/\/www.schmitter.ruven.org\/es\/wp-json\/wp\/v2\/media?parent=10374"}],"curies":[{"name":"wp","href":"https:\/\/api.w.org\/{rel}","templated":true}]}}