{"id":10461,"date":"2023-12-19T11:41:46","date_gmt":"2023-12-19T11:41:46","guid":{"rendered":"https:\/\/schmitter-hydraulik.de\/compliance\/"},"modified":"2024-07-23T08:22:17","modified_gmt":"2024-07-23T08:22:17","slug":"compliance","status":"publish","type":"page","link":"https:\/\/www.schmitter.ruven.org\/fr\/compliance\/","title":{"rendered":"Compliance"},"content":{"rendered":"<div class=\"fusion-fullwidth fullwidth-box fusion-builder-row-1 fusion-flex-container has-pattern-background has-mask-background nonhundred-percent-fullwidth non-hundred-percent-height-scrolling\" style=\"--awb-border-radius-top-left:0px;--awb-border-radius-top-right:0px;--awb-border-radius-bottom-right:0px;--awb-border-radius-bottom-left:0px;--awb-padding-top:100px;--awb-flex-wrap:wrap;\" ><div class=\"fusion-builder-row fusion-row fusion-flex-align-items-flex-start fusion-flex-content-wrap\" style=\"max-width:1248px;margin-left: calc(-4% \/ 2 );margin-right: calc(-4% \/ 2 );\"><div class=\"fusion-layout-column fusion_builder_column fusion-builder-column-0 fusion_builder_column_1_1 1_1 fusion-flex-column\" style=\"--awb-bg-size:cover;--awb-width-large:100%;--awb-margin-top-large:0px;--awb-spacing-right-large:1.92%;--awb-margin-bottom-large:20px;--awb-spacing-left-large:1.92%;--awb-width-medium:100%;--awb-order-medium:0;--awb-spacing-right-medium:1.92%;--awb-spacing-left-medium:1.92%;--awb-width-small:100%;--awb-order-small:0;--awb-spacing-right-small:1.92%;--awb-spacing-left-small:1.92%;\"><div class=\"fusion-column-wrapper fusion-column-has-shadow fusion-flex-justify-content-flex-start fusion-content-layout-column\"><div class=\"fusion-text fusion-text-1\"><p><strong>Centre d&rsquo;information sur la \u00ab directive relative aux lanceurs d&rsquo;alerte \u00bb (Whistleblower)<\/strong><br \/>\nLes personnes qui ont obtenu des informations sur des infractions dans le cadre de leur activit\u00e9 professionnelle et qui les signalent m\u00e9ritent une protection particuli\u00e8re. La \u00ab directive sur les lanceurs d&rsquo;alerte \u00bb a \u00e9t\u00e9 adopt\u00e9e \u00e0 cet effet par l&rsquo;UE et les entreprises d&rsquo;une certaine taille sont tenues de mettre en place un canal de signalement pour les \u00e9ventuelles informations. Vous trouverez ci-dessous les canaux de signalement que nous mettons \u00e0 votre disposition.<br \/>\nLe canal de signalement sert \u00e0 prot\u00e9ger et \u00e0 promouvoir un environnement de travail transparent et int\u00e8gre. Il vous offre la possibilit\u00e9 de signaler de mani\u00e8re confidentielle et s\u00e9curis\u00e9e des informations relatives \u00e0 d&rsquo;\u00e9ventuelles violations de la l\u00e9gislation et des politiques internes, ainsi que des abus sur le lieu de travail.<\/p>\n<p><strong>Comment signaler une infraction<\/strong><\/p>\n<p><strong>Via notre portail de d\u00e9nonciation:<\/strong><br \/>\nCe portail vous permet d&rsquo;attirer notre attention sur des infractions \u00e0 l&rsquo;aide d&rsquo;un formulaire.<\/p>\n<div class=\"fusion-button-wrapper\"><a class=\"fusion-button button-flat fusion-button-default-size button-default fusion-button-default button-1 fusion-button-default-span fusion-button-default-type\" target=\"_self\" href=\"https:\/\/schmitter-hydraulik.hinweisgeberschutzsystem.de\/\"><span class=\"fusion-button-text awb-button__text awb-button__text--default\">vers le portail<\/span><\/a><\/div>\n<p><strong style=\"margin-top: 20px;\">Par e-mail \u00e0:<\/strong><br \/>\nhinweisgeber@schmitter-hydraulik.de<\/p>\n<p><strong>Par t\u00e9l\u00e9phone au:<\/strong><br \/>\n+49 9732 8888 1599<\/p>\n<p><strong>Par voie postale:<\/strong><br \/>\nStrictement confidentiel<br \/>\nSchmitter Hydraulik GmbH<br \/>\nService de signalement pour les informateurs<br \/>\nAm St\u00f6ckleinsbrunnen 1<br \/>\n97762 Hammelburg<br \/>\nALLEMAGNE<\/p>\n<\/div><\/div><\/div><\/div><\/div>\n","protected":false},"excerpt":{"rendered":"","protected":false},"author":1,"featured_media":0,"parent":0,"menu_order":0,"comment_status":"closed","ping_status":"closed","template":"100-width.php","meta":{"om_disable_all_campaigns":false,"_monsterinsights_skip_tracking":false,"_monsterinsights_sitenote_active":false,"_monsterinsights_sitenote_note":"","_monsterinsights_sitenote_category":0,"footnotes":""},"class_list":["post-10461","page","type-page","status-publish","hentry"],"aioseo_notices":[],"_links":{"self":[{"href":"https:\/\/www.schmitter.ruven.org\/fr\/wp-json\/wp\/v2\/pages\/10461","targetHints":{"allow":["GET"]}}],"collection":[{"href":"https:\/\/www.schmitter.ruven.org\/fr\/wp-json\/wp\/v2\/pages"}],"about":[{"href":"https:\/\/www.schmitter.ruven.org\/fr\/wp-json\/wp\/v2\/types\/page"}],"author":[{"embeddable":true,"href":"https:\/\/www.schmitter.ruven.org\/fr\/wp-json\/wp\/v2\/users\/1"}],"replies":[{"embeddable":true,"href":"https:\/\/www.schmitter.ruven.org\/fr\/wp-json\/wp\/v2\/comments?post=10461"}],"version-history":[{"count":6,"href":"https:\/\/www.schmitter.ruven.org\/fr\/wp-json\/wp\/v2\/pages\/10461\/revisions"}],"predecessor-version":[{"id":10889,"href":"https:\/\/www.schmitter.ruven.org\/fr\/wp-json\/wp\/v2\/pages\/10461\/revisions\/10889"}],"wp:attachment":[{"href":"https:\/\/www.schmitter.ruven.org\/fr\/wp-json\/wp\/v2\/media?parent=10461"}],"curies":[{"name":"wp","href":"https:\/\/api.w.org\/{rel}","templated":true}]}}